{"id":158,"date":"2018-02-27T15:17:51","date_gmt":"2018-02-27T15:17:51","guid":{"rendered":"http:\/\/bridge170.qodeinteractive.com\/?page_id=158"},"modified":"2025-10-14T13:40:24","modified_gmt":"2025-10-14T13:40:24","slug":"produkte","status":"publish","type":"page","link":"https:\/\/hof-battaglia.ch\/landwirtschaft\/produkte\/","title":{"rendered":"Produkte"},"content":{"rendered":"<div class=\"wpb-content-wrapper\"><p>[vc_row css_animation=&#8220;&#8220; row_type=&#8220;row&#8220; use_row_as_full_screen_section=&#8220;no&#8220; type=&#8220;grid&#8220; angled_section=&#8220;no&#8220; text_align=&#8220;center&#8220; background_image_as_pattern=&#8220;without_pattern&#8220; css=&#8220;.vc_custom_1519731206560{padding-top: 100px !important;}&#8220; z_index=&#8220;&#8220;][vc_column offset=&#8220;vc_col-md-6&#8243;][qode_elements_holder number_of_columns=&#8220;one_column&#8220;][qode_elements_holder_item horizontal_alignment=&#8220;left&#8220; advanced_animations=&#8220;no&#8220; item_padding=&#8220;25px 0px 0px 0px&#8220; item_padding_1280_1440=&#8220;0px 3% 0px 0px&#8220; item_padding_1024_1280=&#8220;0px 5% 0px 0px&#8220; item_padding_768_1024=&#8220;0px 2% 0px&#8220; item_padding_600_768=&#8220;0px 2% 92px&#8220; item_padding_480_600=&#8220;0px 0% 90px&#8220; item_padding_480=&#8220;0px 0% 90px&#8220;][vc_column_text]<\/p>\n<h2><strong>BIO Lamm- und Rindfleisch<\/strong><\/h2>\n<p>&nbsp;<\/p>\n<p>Halbj\u00e4hrlich verkaufen wir frisches Lamm- und Rindfleisch.<\/p>\n<p>Die Kunden werden vorg\u00e4ngig informiert und k\u00f6nnen dann ihre Bestellung aufgeben.<\/p>\n<p>So gehen am Ende nur so viele Tiere zum Metzger f\u00fcr welche auch eine Nachfrage besteht.<\/p>\n<p>Wir Metzgen keine Tiere auf Vorrat.<\/p>\n<p>&nbsp;<\/p>\n<p>Am Tag X werden die Tiere pers\u00f6nlich durch Ruedi in einen kleinen regionalen Schlachthof gefahren. Bis zum Schluss sind sie so durch ihre Bezugsperson begleitet. Damit kann der Stress f\u00fcr das Tier auf ein Minimum\u00a0 beschr\u00e4nkt werden und gew\u00e4hrleistet eine hohe Fleischqualit\u00e4t.<\/p>\n<p>Unsere Tiere liegen uns am Herzen und\u00a0 und wir begegnen ihnen auf Augenh\u00f6he, darum empfinden wir es als unsere Plicht sie bis zum Tod zu begleiten.<\/p>\n<p>&nbsp;<\/p>\n<p>Neukunden bitte jederzeit melden damit sie in die Kartei aufgenommen und zu gegebener Zeit informiert werden k\u00f6nnen.<\/p>\n<p>[\/vc_column_text][vc_empty_space height=&#8220;25px&#8220;][vc_column_text]<\/p>\n<h2><\/h2>\n<h2><strong>Bio Lammfleisch<\/strong><\/h2>\n<p>[\/vc_column_text][vc_empty_space height=&#8220;34px&#8220;][vc_column_text]Es k\u00f6nnen halbe oder ganze L\u00e4mmer im Mischpaket bestellt werden<\/p>\n<p>Das Kilo wird zu 38.- Franken im Mischpacket verkauft.[\/vc_column_text][vc_empty_space height=&#8220;34px&#8220;][vc_column_text]Die Tiere wachsen langsam, dadurch ist das Fleisch von hervorragender Qualit\u00e4t. Es ist zart, feinfaserig, mager an Fett und erinnert farblich und geschmacklich etwas an Wild.[\/vc_column_text][vc_empty_space height=&#8220;40px&#8220;][vc_column_text]<\/p>\n<h2><strong>Bio Rindfleisch<\/strong><\/h2>\n<p>[\/vc_column_text][vc_empty_space height=&#8220;25px&#8220;][vc_column_text css=&#8220;&#8220;]Wir verkaufen Fleisch vom Jungrind im Mischpacket zu 1\/4, 1\/8, 1\/16\u00a0 oder nach Kundenwunsch. Der Kilopreis betr\u00e4gt 36.- Franken[\/vc_column_text][vc_empty_space height=&#8220;34px&#8220;][vc_column_text]Das Tier ist wie bei den Schafen langsam gewachsen, zart, feinfasserig, mager an Fett und sch\u00f6n Dunkelrot. Es hat einen eigenen Geschmack der ebenfalls an Wild erinnert.[\/vc_column_text][vc_empty_space height=&#8220;34px&#8220;][vc_column_text][\/vc_column_text][vc_column_text]<\/p>\n<h2><strong>Trockenfleisch \/-wurst<\/strong><\/h2>\n<p>[\/vc_column_text][vc_empty_space height=&#8220;25px&#8220;][vc_column_text]Vom Rind wie Schaf haben wir verschiedene Trockenfleischprodukte zum Verkauf.<\/p>\n<p>Bestellung auf Anfrage.[\/vc_column_text][\/qode_elements_holder_item][\/qode_elements_holder][\/vc_column][vc_column offset=&#8220;vc_col-md-6&#8243;][qode_elements_holder number_of_columns=&#8220;one_column&#8220;][qode_elements_holder_item advanced_animations=&#8220;no&#8220; item_padding=&#8220;0px&#8220;][vc_empty_space][vc_single_image image=&#8220;951&#8243; img_size=&#8220;full&#8220; css=&#8220;&#8220; qode_css_animation=&#8220;&#8220;][vc_empty_space height=&#8220;50px&#8220;][vc_column_text css=&#8220;&#8220;]<\/p>\n<h2><strong>Produkte bestellen<\/strong><\/h2>\n<p>[\/vc_column_text][vc_empty_space height=&#8220;30px&#8220;]<a  itemprop=\"url\" href=\"https:\/\/hof-battaglia.ch\/landwirtschaft\/bestellformular-jungrind\/\" target=\"_self\" data-hover-background-color=#81d742 data-hover-color=#ffffff class=\"qbutton  large left default\" style=\"color: #020000; border-color: #81d742; background-color: #81d742;\">Bio Rindfleisch<span aria-hidden=\"true\" class=\"qode_icon_font_elegant icon_pencil qode_button_icon_element\" style=\"\" ><\/span><\/a>[vc_empty_space height=&#8220;20px&#8220;]<a  itemprop=\"url\" href=\"https:\/\/hof-battaglia.ch\/landwirtschaft\/bio-lammfleisch\/\" target=\"_self\" data-hover-background-color=#81d742 data-hover-color=#ffffff class=\"qbutton  large left default\" style=\"color: #020000; border-color: #81d742; background-color: #81d742;\">Bio Lammfleisch<span aria-hidden=\"true\" class=\"qode_icon_font_elegant icon_pencil qode_button_icon_element\" style=\"\" ><\/span><\/a>[\/qode_elements_holder_item][\/qode_elements_holder][\/vc_column][\/vc_row][vc_row css_animation=&#8220;&#8220; row_type=&#8220;row&#8220; use_row_as_full_screen_section=&#8220;no&#8220; type=&#8220;full_width&#8220; angled_section=&#8220;no&#8220; text_align=&#8220;left&#8220; background_image_as_pattern=&#8220;without_pattern&#8220;][vc_column][vc_empty_space height=&#8220;250px&#8220;][\/vc_column][\/vc_row]<\/p>\n<\/div>","protected":false},"excerpt":{"rendered":"<p>[vc_row css_animation=&#8220;&#8220; row_type=&#8220;row&#8220; use_row_as_full_screen_section=&#8220;no&#8220; type=&#8220;grid&#8220; angled_section=&#8220;no&#8220; text_align=&#8220;center&#8220; background_image_as_pattern=&#8220;without_pattern&#8220; css=&#8220;.vc_custom_1519731206560{padding-top: 100px !important;}&#8220; z_index=&#8220;&#8220;][vc_column offset=&#8220;vc_col-md-6&#8243;][qode_elements_holder number_of_columns=&#8220;one_column&#8220;][qode_elements_holder_item horizontal_alignment=&#8220;left&#8220; advanced_animations=&#8220;no&#8220; item_padding=&#8220;25px 0px 0px 0px&#8220; item_padding_1280_1440=&#8220;0px 3% 0px 0px&#8220; item_padding_1024_1280=&#8220;0px 5% 0px 0px&#8220; item_padding_768_1024=&#8220;0px 2% 0px&#8220; item_padding_600_768=&#8220;0px 2% 92px&#8220; item_padding_480_600=&#8220;0px 0% 90px&#8220; item_padding_480=&#8220;0px 0% 90px&#8220;][vc_column_text] BIO Lamm- und Rindfleisch &nbsp;&#8230;<\/p>\n","protected":false},"author":2,"featured_media":0,"parent":0,"menu_order":0,"comment_status":"closed","ping_status":"closed","template":"full_width.php","meta":{"footnotes":""},"class_list":["post-158","page","type-page","status-publish","hentry"],"_links":{"self":[{"href":"https:\/\/hof-battaglia.ch\/landwirtschaft\/wp-json\/wp\/v2\/pages\/158","targetHints":{"allow":["GET"]}}],"collection":[{"href":"https:\/\/hof-battaglia.ch\/landwirtschaft\/wp-json\/wp\/v2\/pages"}],"about":[{"href":"https:\/\/hof-battaglia.ch\/landwirtschaft\/wp-json\/wp\/v2\/types\/page"}],"author":[{"embeddable":true,"href":"https:\/\/hof-battaglia.ch\/landwirtschaft\/wp-json\/wp\/v2\/users\/2"}],"replies":[{"embeddable":true,"href":"https:\/\/hof-battaglia.ch\/landwirtschaft\/wp-json\/wp\/v2\/comments?post=158"}],"version-history":[{"count":68,"href":"https:\/\/hof-battaglia.ch\/landwirtschaft\/wp-json\/wp\/v2\/pages\/158\/revisions"}],"predecessor-version":[{"id":957,"href":"https:\/\/hof-battaglia.ch\/landwirtschaft\/wp-json\/wp\/v2\/pages\/158\/revisions\/957"}],"wp:attachment":[{"href":"https:\/\/hof-battaglia.ch\/landwirtschaft\/wp-json\/wp\/v2\/media?parent=158"}],"curies":[{"name":"wp","href":"https:\/\/api.w.org\/{rel}","templated":true}]}}