{"id":502,"date":"2020-06-12T09:09:15","date_gmt":"2020-06-12T09:09:15","guid":{"rendered":"https:\/\/hof-battaglia.ch\/landwirtschaft\/?page_id=502"},"modified":"2020-12-27T12:55:54","modified_gmt":"2020-12-27T12:55:54","slug":"produktion","status":"publish","type":"page","link":"https:\/\/hof-battaglia.ch\/landwirtschaft\/produktion\/","title":{"rendered":"Produktion"},"content":{"rendered":"<div class=\"wpb-content-wrapper\"><p>[vc_row css_animation=&#8220;&#8220; row_type=&#8220;row&#8220; use_row_as_full_screen_section=&#8220;no&#8220; type=&#8220;grid&#8220; angled_section=&#8220;no&#8220; text_align=&#8220;center&#8220; background_image_as_pattern=&#8220;without_pattern&#8220; css=&#8220;.vc_custom_1519731206560{padding-top: 100px !important;}&#8220; z_index=&#8220;&#8220;][vc_column offset=&#8220;vc_col-md-6&#8243;][qode_elements_holder number_of_columns=&#8220;one_column&#8220;][qode_elements_holder_item horizontal_alignment=&#8220;left&#8220; advanced_animations=&#8220;no&#8220; item_padding=&#8220;25px 0px 0px 0px&#8220; item_padding_1280_1440=&#8220;0px 3% 0px 0px&#8220; item_padding_1024_1280=&#8220;0px 5% 0px 0px&#8220; item_padding_768_1024=&#8220;0px 2% 0px&#8220; item_padding_600_768=&#8220;0px 2% 92px&#8220; item_padding_480_600=&#8220;0px 0% 90px&#8220; item_padding_480=&#8220;0px 0% 90px&#8220;][vc_column_text]<\/p>\n<h2>Produktion<\/h2>\n<p>[\/vc_column_text][vc_empty_space height=&#8220;25px&#8220;][vc_column_text]Im Einklang mit Tier und Natur z\u00fcchten wir Original Evol\u00e8ner Rinder und B\u00fcndner Oberl\u00e4nder Schafe. Beides alte Schweizer Nutztierrassen im Erhaltungsprogramm von Pro Specie Rara.[\/vc_column_text][vc_empty_space height=&#8220;34px&#8220;][vc_column_text]Aus der Zucht verkaufen wir lebend Tiere an neue Z\u00fcchter und Halter . Die Tiere die nicht f\u00fcr die Weiterzucht\u00a0 genutzt werden dienen der Fleischproduktion.[\/vc_column_text][vc_empty_space height=&#8220;30px&#8220;][vc_column_text]Auch wenn es etwas komisch klingt, aber\u00a0 mit dem Konsum von Rind- und Lammfleisch von der Grossen Rottmatt erm\u00f6glichen Sie es uns weiter diese Tiere zu Z\u00fcchten und zu halten. Denn dies ist nur m\u00f6glich wenn wir den Absatz der Tiere in der Direktvermarktung haben.[\/vc_column_text][\/qode_elements_holder_item][\/qode_elements_holder][\/vc_column][vc_column offset=&#8220;vc_col-md-6&#8243;][qode_elements_holder number_of_columns=&#8220;one_column&#8220;][qode_elements_holder_item advanced_animations=&#8220;no&#8220; item_padding=&#8220;0px&#8220;][vc_empty_space][vc_single_image image=&#8220;677&#8243; img_size=&#8220;full&#8220; alignment=&#8220;center&#8220; qode_css_animation=&#8220;&#8220;][vc_empty_space][vc_single_image image=&#8220;552&#8243; img_size=&#8220;full&#8220; alignment=&#8220;center&#8220; qode_css_animation=&#8220;&#8220;][\/qode_elements_holder_item][\/qode_elements_holder][\/vc_column][\/vc_row][vc_row css_animation=&#8220;&#8220; row_type=&#8220;row&#8220; use_row_as_full_screen_section=&#8220;no&#8220; type=&#8220;full_width&#8220; angled_section=&#8220;no&#8220; text_align=&#8220;left&#8220; background_image_as_pattern=&#8220;without_pattern&#8220;][vc_column][vc_empty_space height=&#8220;250px&#8220;][\/vc_column][\/vc_row]<\/p>\n<\/div>","protected":false},"excerpt":{"rendered":"<p>[vc_row css_animation=&#8220;&#8220; row_type=&#8220;row&#8220; use_row_as_full_screen_section=&#8220;no&#8220; type=&#8220;grid&#8220; angled_section=&#8220;no&#8220; text_align=&#8220;center&#8220; background_image_as_pattern=&#8220;without_pattern&#8220; css=&#8220;.vc_custom_1519731206560{padding-top: 100px !important;}&#8220; z_index=&#8220;&#8220;][vc_column offset=&#8220;vc_col-md-6&#8243;][qode_elements_holder number_of_columns=&#8220;one_column&#8220;][qode_elements_holder_item horizontal_alignment=&#8220;left&#8220; advanced_animations=&#8220;no&#8220; item_padding=&#8220;25px 0px 0px 0px&#8220; item_padding_1280_1440=&#8220;0px 3% 0px 0px&#8220; item_padding_1024_1280=&#8220;0px 5% 0px 0px&#8220; item_padding_768_1024=&#8220;0px 2% 0px&#8220; item_padding_600_768=&#8220;0px 2% 92px&#8220; item_padding_480_600=&#8220;0px 0% 90px&#8220; item_padding_480=&#8220;0px 0% 90px&#8220;][vc_column_text] Produktion [\/vc_column_text][vc_empty_space height=&#8220;25px&#8220;][vc_column_text]Im Einklang mit&#8230;<\/p>\n","protected":false},"author":2,"featured_media":0,"parent":0,"menu_order":0,"comment_status":"closed","ping_status":"closed","template":"full_width.php","meta":{"footnotes":""},"class_list":["post-502","page","type-page","status-publish","hentry"],"_links":{"self":[{"href":"https:\/\/hof-battaglia.ch\/landwirtschaft\/wp-json\/wp\/v2\/pages\/502","targetHints":{"allow":["GET"]}}],"collection":[{"href":"https:\/\/hof-battaglia.ch\/landwirtschaft\/wp-json\/wp\/v2\/pages"}],"about":[{"href":"https:\/\/hof-battaglia.ch\/landwirtschaft\/wp-json\/wp\/v2\/types\/page"}],"author":[{"embeddable":true,"href":"https:\/\/hof-battaglia.ch\/landwirtschaft\/wp-json\/wp\/v2\/users\/2"}],"replies":[{"embeddable":true,"href":"https:\/\/hof-battaglia.ch\/landwirtschaft\/wp-json\/wp\/v2\/comments?post=502"}],"version-history":[{"count":11,"href":"https:\/\/hof-battaglia.ch\/landwirtschaft\/wp-json\/wp\/v2\/pages\/502\/revisions"}],"predecessor-version":[{"id":885,"href":"https:\/\/hof-battaglia.ch\/landwirtschaft\/wp-json\/wp\/v2\/pages\/502\/revisions\/885"}],"wp:attachment":[{"href":"https:\/\/hof-battaglia.ch\/landwirtschaft\/wp-json\/wp\/v2\/media?parent=502"}],"curies":[{"name":"wp","href":"https:\/\/api.w.org\/{rel}","templated":true}]}}