{"id":508,"date":"2020-06-12T09:13:04","date_gmt":"2020-06-12T09:13:04","guid":{"rendered":"https:\/\/hof-battaglia.ch\/landwirtschaft\/?page_id=508"},"modified":"2020-12-27T12:58:35","modified_gmt":"2020-12-27T12:58:35","slug":"evolener","status":"publish","type":"page","link":"https:\/\/hof-battaglia.ch\/landwirtschaft\/evolener\/","title":{"rendered":"Evol\u00e9ner"},"content":{"rendered":"<div class=\"wpb-content-wrapper\"><p>[vc_row css_animation=&#8220;&#8220; row_type=&#8220;row&#8220; use_row_as_full_screen_section=&#8220;no&#8220; type=&#8220;grid&#8220; angled_section=&#8220;no&#8220; text_align=&#8220;center&#8220; background_image_as_pattern=&#8220;without_pattern&#8220; css=&#8220;.vc_custom_1519731206560{padding-top: 100px !important;}&#8220; z_index=&#8220;&#8220;][vc_column offset=&#8220;vc_col-md-6&#8243;][qode_elements_holder number_of_columns=&#8220;one_column&#8220;][qode_elements_holder_item horizontal_alignment=&#8220;left&#8220; advanced_animations=&#8220;no&#8220; item_padding=&#8220;25px 0px 0px 0px&#8220; item_padding_1280_1440=&#8220;0px 3% 0px 0px&#8220; item_padding_1024_1280=&#8220;0px 5% 0px 0px&#8220; item_padding_768_1024=&#8220;0px 2% 0px&#8220; item_padding_600_768=&#8220;0px 2% 92px&#8220; item_padding_480_600=&#8220;0px 0% 90px&#8220; item_padding_480=&#8220;0px 0% 90px&#8220;][vc_column_text]<\/p>\n<h2><strong>Original Evol\u00e8ner Rind<\/strong><\/h2>\n<p>[\/vc_column_text][vc_empty_space height=&#8220;25px&#8220;][vc_column_text]Die kleine Temperamentvolle![\/vc_column_text][vc_empty_space height=&#8220;34px&#8220;][vc_column_text]Das Original Evol\u00e8ner Rind ist die \u00e4lteste Rinderrasse der Schweiz. Die K\u00fche sind nur gerade etwa 1, 20 m gross und etwa 450 kg. Damit z\u00e4hlen sie zu den kleinen unter den Rinderrassen.[\/vc_column_text][vc_empty_space height=&#8220;34px&#8220;][vc_column_text]Die Tiere sind sehr temperamentvoll, sensibel und selbstsicher.<\/p>\n<p>So kann es sein, dass Leute die Evolen\u00e9r\u00a0 zum erste mal sehen den Eindruck bekommen die Tiere seien arrogant. Doch dem ist nicht so. Sie sind Anfangs etwas sch\u00fcchtern und distanziert, doch wenn sie Vertrauen gefasst haben sind sie sehr menschenbezogen und werden zu verschmusten Freunden.[\/vc_column_text][vc_column_text]Durch ihre Robustheit und Gel\u00e4ndeg\u00e4ngigkeit sind sie ideal f\u00fcr unseren Betrieb. Mit ihrem geringen Gewicht schonen sie die Weide,. Durch ihre Gen\u00fcgsamkeit und die gute Futterverwertung sind sie das ideale Rind f\u00fcr unseren Bergbetrieb.<\/p>\n<p>[\/vc_column_text][vc_empty_space height=&#8220;34px&#8220;][vc_column_text]Das Fleisch der Original Evol\u00e8ner Rinder ist sehr zart, feinfaserig, mager und von hoher Qualit\u00e4t. Es ist langsam gewachsen und erinnert farblich und vom Geschmack etwas an Wild.[\/vc_column_text][vc_empty_space height=&#8220;30px&#8220;][\/qode_elements_holder_item][\/qode_elements_holder][\/vc_column][vc_column offset=&#8220;vc_col-md-6&#8243;][qode_elements_holder number_of_columns=&#8220;one_column&#8220;][qode_elements_holder_item advanced_animations=&#8220;no&#8220; item_padding=&#8220;0px&#8220;][vc_empty_space][vc_single_image image=&#8220;699&#8243; img_size=&#8220;full&#8220; onclick=&#8220;custom_link&#8220; img_link_target=&#8220;_blank&#8220; qode_css_animation=&#8220;&#8220; link=&#8220;https:\/\/www.original-evolener-rind.ch\/&#8220;][vc_empty_space][vc_single_image image=&#8220;675&#8243; img_size=&#8220;full&#8220; alignment=&#8220;center&#8220; qode_css_animation=&#8220;&#8220; qode_hover_animation=&#8220;zoom_in&#8220;][\/qode_elements_holder_item][\/qode_elements_holder][\/vc_column][\/vc_row][vc_row css_animation=&#8220;&#8220; row_type=&#8220;row&#8220; use_row_as_full_screen_section=&#8220;no&#8220; type=&#8220;full_width&#8220; angled_section=&#8220;no&#8220; text_align=&#8220;left&#8220; background_image_as_pattern=&#8220;without_pattern&#8220;][vc_column][vc_empty_space height=&#8220;250px&#8220;][\/vc_column][\/vc_row]<\/p>\n<\/div>","protected":false},"excerpt":{"rendered":"<p>[vc_row css_animation=&#8220;&#8220; row_type=&#8220;row&#8220; use_row_as_full_screen_section=&#8220;no&#8220; type=&#8220;grid&#8220; angled_section=&#8220;no&#8220; text_align=&#8220;center&#8220; background_image_as_pattern=&#8220;without_pattern&#8220; css=&#8220;.vc_custom_1519731206560{padding-top: 100px !important;}&#8220; z_index=&#8220;&#8220;][vc_column offset=&#8220;vc_col-md-6&#8243;][qode_elements_holder number_of_columns=&#8220;one_column&#8220;][qode_elements_holder_item horizontal_alignment=&#8220;left&#8220; advanced_animations=&#8220;no&#8220; item_padding=&#8220;25px 0px 0px 0px&#8220; item_padding_1280_1440=&#8220;0px 3% 0px 0px&#8220; item_padding_1024_1280=&#8220;0px 5% 0px 0px&#8220; item_padding_768_1024=&#8220;0px 2% 0px&#8220; item_padding_600_768=&#8220;0px 2% 92px&#8220; item_padding_480_600=&#8220;0px 0% 90px&#8220; item_padding_480=&#8220;0px 0% 90px&#8220;][vc_column_text] Original Evol\u00e8ner Rind [\/vc_column_text][vc_empty_space height=&#8220;25px&#8220;][vc_column_text]Die&#8230;<\/p>\n","protected":false},"author":2,"featured_media":0,"parent":0,"menu_order":0,"comment_status":"closed","ping_status":"closed","template":"full_width.php","meta":{"footnotes":""},"class_list":["post-508","page","type-page","status-publish","hentry"],"_links":{"self":[{"href":"https:\/\/hof-battaglia.ch\/landwirtschaft\/wp-json\/wp\/v2\/pages\/508","targetHints":{"allow":["GET"]}}],"collection":[{"href":"https:\/\/hof-battaglia.ch\/landwirtschaft\/wp-json\/wp\/v2\/pages"}],"about":[{"href":"https:\/\/hof-battaglia.ch\/landwirtschaft\/wp-json\/wp\/v2\/types\/page"}],"author":[{"embeddable":true,"href":"https:\/\/hof-battaglia.ch\/landwirtschaft\/wp-json\/wp\/v2\/users\/2"}],"replies":[{"embeddable":true,"href":"https:\/\/hof-battaglia.ch\/landwirtschaft\/wp-json\/wp\/v2\/comments?post=508"}],"version-history":[{"count":20,"href":"https:\/\/hof-battaglia.ch\/landwirtschaft\/wp-json\/wp\/v2\/pages\/508\/revisions"}],"predecessor-version":[{"id":886,"href":"https:\/\/hof-battaglia.ch\/landwirtschaft\/wp-json\/wp\/v2\/pages\/508\/revisions\/886"}],"wp:attachment":[{"href":"https:\/\/hof-battaglia.ch\/landwirtschaft\/wp-json\/wp\/v2\/media?parent=508"}],"curies":[{"name":"wp","href":"https:\/\/api.w.org\/{rel}","templated":true}]}}